{"id":21977,"date":"2025-11-13T13:50:55","date_gmt":"2025-11-13T12:50:55","guid":{"rendered":"https:\/\/cvc.care\/label-de-qualite\/"},"modified":"2026-03-09T12:12:00","modified_gmt":"2026-03-09T11:12:00","slug":"label-de-qualite","status":"publish","type":"page","link":"https:\/\/cvc.care\/fr\/label-de-qualite\/","title":{"rendered":"Conformit\u00e9 au label de qualit\u00e9"},"content":{"rendered":"<p><div class=\"fusion-fullwidth fullwidth-box fusion-builder-row-1 fusion-flex-container has-pattern-background has-mask-background nonhundred-percent-fullwidth non-hundred-percent-height-scrolling\" style=\"--link_color: #ffffff;--awb-border-radius-top-left:0px;--awb-border-radius-top-right:0px;--awb-border-radius-bottom-right:0px;--awb-border-radius-bottom-left:0px;--awb-flex-wrap:wrap;\" ><div class=\"fusion-builder-row fusion-row fusion-flex-align-items-flex-start fusion-flex-content-wrap\" style=\"max-width:1216.8px;margin-left: calc(-4% \/ 2 );margin-right: calc(-4% \/ 2 );\"><div class=\"fusion-layout-column fusion_builder_column fusion-builder-column-0 fusion_builder_column_1_1 1_1 fusion-flex-column\" style=\"--awb-bg-size:cover;--awb-width-large:100%;--awb-margin-top-large:0px;--awb-spacing-right-large:1.92%;--awb-margin-bottom-large:20px;--awb-spacing-left-large:1.92%;--awb-width-medium:100%;--awb-order-medium:0;--awb-spacing-right-medium:1.92%;--awb-spacing-left-medium:1.92%;--awb-width-small:100%;--awb-order-small:0;--awb-spacing-right-small:1.92%;--awb-spacing-left-small:1.92%;\" data-scroll-devices=\"small-visibility,medium-visibility,large-visibility\"><div class=\"fusion-column-wrapper fusion-column-has-shadow fusion-flex-justify-content-flex-start fusion-content-layout-column\"><div class=\"fusion-text fusion-text-1\"><h2 style=\"text-align: center;\" data-start=\"0\" data-end=\"42\"><strong data-start=\"0\" data-end=\"42\"><span dir=\"auto\" style=\"vertical-align: inherit;\"><span dir=\"auto\" style=\"vertical-align: inherit;\">Pourquoi CVC opte-t-elle actuellement CONTRE le label de qualit\u00e9 ?<\/span><\/span><\/strong><\/h2>\n<p style=\"text-align: left;\"><span dir=\"auto\" style=\"vertical-align: inherit;\"><span dir=\"auto\" style=\"vertical-align: inherit;\">Chers clients et personnes int\u00e9ress\u00e9es,<\/span><\/span><\/p>\n<p><strong>nous soulignons express\u00e9ment<\/strong> que le label de qualit\u00e9 et l&rsquo;initiative \u00ab Recrutement \u00e9quitable dans le secteur des soins en Allemagne \u00bb constituent un instrument important pour garantir un recrutement international r\u00e9glement\u00e9.<br \/>\nApr\u00e8s de nombreux \u00e9changes avec des partenaires de longue date, nous avons <span style=\"text-decoration: underline;\">actuellement<\/span> fait le choix d\u00e9lib\u00e9r\u00e9 de ne pas adh\u00e9rer au label de qualit\u00e9. Nos partenaires identifient comme principaux postes de co\u00fbts du recrutement international, d&rsquo;une part, la commission de placement et, d&rsquo;autre part, les frais de formation ult\u00e9rieure jusqu&rsquo;\u00e0 la reconnaissance professionnelle et au-del\u00e0. Avec nos prestations, nous souhaitons prendre en compte ces deux postes de co\u00fbts. Cela n&rsquo;est possible qu&rsquo;avec une clause d&rsquo;engagement temporel de nos professionnels de sant\u00e9.   <\/p>\n<p>Malheureusement, les services suivants que nous proposons ne sont pas conformes \u00e0 toutes les r\u00e9glementations du label de qualit\u00e9 et ne sont pas non plus accept\u00e9s par la commission du label.<\/p>\n<p>Il s\u2019agit de :<\/p>\n<p><strong>1.) Garantie de maintien en poste de 2 ans<br \/>\n<\/strong>Nous offrons \u00e0 nos clients une garantie de maintien en poste de 2 ans pour le personnel soignant plac\u00e9, apr\u00e8s l\u2019obtention du dipl\u00f4me d\u2019infirmier qualifi\u00e9. Cela n\u2019est possible que si nous concluons un accord juridiquement conforme avec notre personnel soignant dans leur langue nationale <strong>avant le d\u00e9but<\/strong> de leur participation \u00e0 notre programme CVC (avant le d\u00e9but du cours A1 dans le pays d\u2019origine). Cet accord pr\u00e9voit qu\u2019aucun frais ne sera factur\u00e9 au soignant s\u2019il reste chez l\u2019employeur pendant deux ans apr\u00e8s l\u2019obtention de son dipl\u00f4me. Nos soignants sont seuls d\u00e9cisionnaires de l\u2019employeur pour lequel ils souhaitent travailler \u00e0 l\u2019avenir. \u00c0 cet effet, avant le premier entretien d\u2019embauche avec le futur employeur, nous les informons lors d\u2019un entretien d\u2019\u00e9valuation \u00e0 l\u2019aide d\u2019une liste de contr\u00f4le d\u00e9taill\u00e9e remplie par le client sur le poste de travail propos\u00e9 (taille de l\u2019\u00e9tablissement, h\u00f4pital ou centre de soins, convention collective et salaire, nombre de lits, services, possibilit\u00e9s de reconnaissance, etc.) ainsi que sur la localit\u00e9 (infrastructure, nombre d\u2019habitants, curiosit\u00e9s, points forts culturels, etc.).    <\/p>\n<p>M\u00eame si, apr\u00e8s l\u2019arriv\u00e9e sur le territoire, le souhait de changer de lieu de travail est exprim\u00e9 pour une raison quelconque, nous aidons volontiers le soignant, et ce gratuitement, \u00e0 trouver un nouvel employeur.<\/p>\n<p>Ce n\u2019est que dans le cas o\u00f9 le soignant r\u00e9silie son contrat de travail actuel de mani\u00e8re autonome, <strong>sans nous en informer et sans aucune communication<\/strong>, pour rejoindre un nouvel employeur, que nous devons facturer les frais que nous avons engag\u00e9s pour le processus de recrutement et de formation (cours de langue, examens de langue, traduction et certification des documents, frais de d\u00e9cision de d\u00e9ficit, frais d\u2019immunit\u00e9 contre la rougeole, frais de rendez-vous pour le visa, billet d\u2019avion, h\u00e9bergement en appartement pendant l\u2019int\u00e9gration en Allemagne, suivi administratif, recherche de logement, ameublement du logement et caution locative).<\/p>\n<p>Ceci est indispensable, car nous garantissons \u00e0 l\u2019ancien employeur un remplacement gratuit conform\u00e9ment \u00e0 notre garantie de maintien en poste de 2 ans.<\/p>\n<p>M\u00eame avec le remboursement des frais engag\u00e9s, cela nous cause un pr\u00e9judice \u00e9conomique important ; sans ce paiement, nous ne pourrions plus proposer ce service.<\/p>\n<p><strong>Et encore une fois : tout cela est convenu par contrat dans la langue nationale avant l\u2019inscription au programme CVC dans le pays d\u2019origine !<\/strong><\/p>\n<p><strong>2.) Location de logements<br \/>\n<\/strong>Nous garantissons \u00e0 nos clients que nous trouverons et meublerons enti\u00e8rement des logements adapt\u00e9s et abordables \u00e0 une distance raisonnable du lieu de travail. Comme la plupart des bailleurs ne louent pas de logements \u00e0 des soignants n\u2019\u00e9tant pas encore arriv\u00e9s sur le territoire et sans pr\u00e9sentation d\u2019une fiche de paie allemande, nous prenons en charge le contrat de location en tant que locataire principal \u2014 g\u00e9n\u00e9ralement avec un engagement de location de 1 \u00e0 2 ans. Nous prenons \u00e9galement en charge la caution locative ainsi que le premier mois de loyer. Nous convenons avec nos soignants qu\u2019\u00e0 partir du deuxi\u00e8me mois, les loyers mensuels doivent nous \u00eatre vers\u00e9s. De plus, la caution locative, le premier mois de loyer ainsi que l\u2019ameublement et l\u2019\u00e9quipement initial nous sont rembours\u00e9s en 24 petites mensualit\u00e9s (environ 50,00 \u20ac).       <\/p>\n<p>Ici aussi, en cas de changement d\u2019employeur pr\u00e9matur\u00e9 et non communiqu\u00e9, nous subissons un pr\u00e9judice \u00e9conomique important, car les loyers doivent continuer \u00e0 \u00eatre pay\u00e9s par nous en tant que locataire principal.<\/p>\n<p><span style=\"text-decoration: underline;\"><strong>Conclusion :<\/strong><\/span> Les deux points mentionn\u00e9s sont des caract\u00e9ristiques principales de nos services pour a) nos clients et b) notre personnel soignant, et nous distinguent nettement de la concurrence.<br \/>\nSans engagement contractuel, nous ne pouvons pas proposer ces services.  <\/p>\n<p><strong>Nous serions tr\u00e8s heureux de recevoir votre avis sur ce sujet et sommes tout \u00e0 fait dispos\u00e9s \u00e0 discuter d\u2019alternatives viables.<\/strong><\/p>\n<\/div><\/div><\/div><div class=\"fusion-layout-column fusion_builder_column fusion-builder-column-1 fusion_builder_column_1_1 1_1 fusion-flex-column fusion-flex-align-self-center\" style=\"--awb-bg-size:cover;--awb-width-large:100%;--awb-margin-top-large:0px;--awb-spacing-right-large:1.92%;--awb-margin-bottom-large:20px;--awb-spacing-left-large:1.92%;--awb-width-medium:100%;--awb-order-medium:0;--awb-spacing-right-medium:1.92%;--awb-spacing-left-medium:1.92%;--awb-width-small:100%;--awb-order-small:0;--awb-spacing-right-small:1.92%;--awb-spacing-left-small:1.92%;\" data-scroll-devices=\"small-visibility,medium-visibility,large-visibility\"><div class=\"fusion-column-wrapper fusion-column-has-shadow fusion-flex-justify-content-center fusion-content-layout-column\"><\/div><\/div><div class=\"fusion-layout-column fusion_builder_column fusion-builder-column-2 fusion_builder_column_1_1 1_1 fusion-flex-column\" style=\"--awb-bg-size:cover;--awb-width-large:100%;--awb-margin-top-large:0px;--awb-spacing-right-large:1.92%;--awb-margin-bottom-large:20px;--awb-spacing-left-large:1.92%;--awb-width-medium:100%;--awb-order-medium:0;--awb-spacing-right-medium:1.92%;--awb-spacing-left-medium:1.92%;--awb-width-small:100%;--awb-order-small:0;--awb-spacing-right-small:1.92%;--awb-spacing-left-small:1.92%;\" data-scroll-devices=\"small-visibility,medium-visibility,large-visibility\"><div class=\"fusion-column-wrapper fusion-column-has-shadow fusion-flex-justify-content-flex-start fusion-content-layout-column\"><div class=\"fusion-text fusion-text-2\"><p style=\"text-align: center;\" data-start=\"497\" data-end=\"810\">Un \u00e9l\u00e9ment central de notre offre est le soutien complet de nos soignants tout au long du processus de recrutement et d&rsquo;int\u00e9gration. Nos soignants suivent nos propres cours de langue de A1 \u00e0 B2, enti\u00e8rement gratuitement. De m\u00eame, nous prenons en charge toutes les d\u00e9penses occasionn\u00e9es, telles que :  <\/p>\n<div class=\"CM8kHf j86kh\" data-hveid=\"CC8QAg\">\n<div data-expression=\"\u2713\">\n<div tabindex=\"-1\" data-xpm-copy-root=\"\">\n<div style=\"text-align: center;\">\n<p>\u2713 <span style=\"text-align: center;\">les examens de langue officiels<br \/>\n<\/span>\u2713 le billet d&rsquo;avion<br \/>\n\u2713 la vaccination contre la rougeole<br \/>\n\u2713 les frais de rendez-vous \u00e0 l&rsquo;ambassade<br \/>\n\u2713 la traduction et la certification de tous les documents n\u00e9cessaires<br \/>\n\u2713 la recherche d&rsquo;un logement ainsi que l&rsquo;am\u00e9nagement d&rsquo;un h\u00e9bergement \u00e0 proximit\u00e9 de la clinique ou de la maison de retraite concern\u00e9e<\/p>\n<p><strong data-start=\"1114\" data-end=\"1208\">En r\u00e9sum\u00e9, nos soignants n&rsquo;ont aucun frais \u00e0 engager pour l&rsquo;ensemble du processus.<\/strong> Cela nous permet de garantir un d\u00e9but \u00e9quitable, s\u00fbr et favorable dans leur avenir professionnel en Allemagne.<\/p>\n<\/div>\n<\/div>\n<\/div>\n<\/div>\n<\/div><\/div><\/div><\/div><\/div><\/p>\n","protected":false},"excerpt":{"rendered":"","protected":false},"author":2,"featured_media":0,"parent":0,"menu_order":0,"comment_status":"closed","ping_status":"closed","template":"100-width.php","meta":{"content-type":"","footnotes":""},"class_list":["post-21977","page","type-page","status-publish","hentry"],"yoast_head":"<!-- This site is optimized with the Yoast SEO plugin v26.5 - https:\/\/yoast.com\/wordpress\/plugins\/seo\/ -->\n<title>Conformit\u00e9 au label de qualit\u00e9 - CareVisionCompany CVC<\/title>\n<meta name=\"robots\" content=\"index, follow, max-snippet:-1, max-image-preview:large, max-video-preview:-1\" \/>\n<link rel=\"canonical\" href=\"https:\/\/cvc.care\/fr\/label-de-qualite\/\" \/>\n<meta property=\"og:locale\" content=\"fr_FR\" \/>\n<meta property=\"og:type\" content=\"article\" \/>\n<meta property=\"og:title\" content=\"Conformit\u00e9 au label de qualit\u00e9 - CareVisionCompany CVC\" \/>\n<meta property=\"og:url\" content=\"https:\/\/cvc.care\/fr\/label-de-qualite\/\" \/>\n<meta property=\"og:site_name\" content=\"CareVisionCompany CVC\" \/>\n<meta property=\"article:publisher\" content=\"https:\/\/www.facebook.com\/carevisioncompany\" \/>\n<meta property=\"article:modified_time\" content=\"2026-03-09T11:12:00+00:00\" \/>\n<meta name=\"twitter:card\" content=\"summary_large_image\" \/>\n<meta name=\"twitter:label1\" content=\"Dur\u00e9e de lecture estim\u00e9e\" \/>\n\t<meta name=\"twitter:data1\" content=\"45 minutes\" \/>\n<script type=\"application\/ld+json\" class=\"yoast-schema-graph\">{\"@context\":\"https:\/\/schema.org\",\"@graph\":[{\"@type\":\"WebPage\",\"@id\":\"https:\/\/cvc.care\/fr\/label-de-qualite\/\",\"url\":\"https:\/\/cvc.care\/fr\/label-de-qualite\/\",\"name\":\"Conformit\u00e9 au label de qualit\u00e9 - CareVisionCompany CVC\",\"isPartOf\":{\"@id\":\"https:\/\/cvc.care\/fr\/#website\"},\"datePublished\":\"2025-11-13T12:50:55+00:00\",\"dateModified\":\"2026-03-09T11:12:00+00:00\",\"breadcrumb\":{\"@id\":\"https:\/\/cvc.care\/fr\/label-de-qualite\/#breadcrumb\"},\"inLanguage\":\"fr-FR\",\"potentialAction\":[{\"@type\":\"ReadAction\",\"target\":[\"https:\/\/cvc.care\/fr\/label-de-qualite\/\"]}]},{\"@type\":\"BreadcrumbList\",\"@id\":\"https:\/\/cvc.care\/fr\/label-de-qualite\/#breadcrumb\",\"itemListElement\":[{\"@type\":\"ListItem\",\"position\":1,\"name\":\"Startseite\",\"item\":\"https:\/\/cvc.care\/fr\/\"},{\"@type\":\"ListItem\",\"position\":2,\"name\":\"Conformit\u00e9 au label de qualit\u00e9\"}]},{\"@type\":\"WebSite\",\"@id\":\"https:\/\/cvc.care\/fr\/#website\",\"url\":\"https:\/\/cvc.care\/fr\/\",\"name\":\"CareVisionCompany\",\"description\":\"mit menschen, f\u00fcr menschen - erfolgreich integrieren\",\"publisher\":{\"@id\":\"https:\/\/cvc.care\/fr\/#organization\"},\"alternateName\":\"CVC, CVC.care,\",\"potentialAction\":[{\"@type\":\"SearchAction\",\"target\":{\"@type\":\"EntryPoint\",\"urlTemplate\":\"https:\/\/cvc.care\/fr\/?s={search_term_string}\"},\"query-input\":{\"@type\":\"PropertyValueSpecification\",\"valueRequired\":true,\"valueName\":\"search_term_string\"}}],\"inLanguage\":\"fr-FR\"},{\"@type\":\"Organization\",\"@id\":\"https:\/\/cvc.care\/fr\/#organization\",\"name\":\"CareVisionCompany\",\"alternateName\":\"CVC, CVC.care\",\"url\":\"https:\/\/cvc.care\/fr\/\",\"logo\":{\"@type\":\"ImageObject\",\"inLanguage\":\"fr-FR\",\"@id\":\"https:\/\/cvc.care\/fr\/#\/schema\/logo\/image\/\",\"url\":\"https:\/\/cvc.care\/wp-content\/uploads\/2025\/09\/Design-ohne-Titel-6.png\",\"contentUrl\":\"https:\/\/cvc.care\/wp-content\/uploads\/2025\/09\/Design-ohne-Titel-6.png\",\"width\":880,\"height\":881,\"caption\":\"CareVisionCompany\"},\"image\":{\"@id\":\"https:\/\/cvc.care\/fr\/#\/schema\/logo\/image\/\"},\"sameAs\":[\"https:\/\/www.facebook.com\/carevisioncompany\"]}]}<\/script>\n<!-- \/ Yoast SEO plugin. -->","yoast_head_json":{"title":"Conformit\u00e9 au label de qualit\u00e9 - CareVisionCompany CVC","robots":{"index":"index","follow":"follow","max-snippet":"max-snippet:-1","max-image-preview":"max-image-preview:large","max-video-preview":"max-video-preview:-1"},"canonical":"https:\/\/cvc.care\/fr\/label-de-qualite\/","og_locale":"fr_FR","og_type":"article","og_title":"Conformit\u00e9 au label de qualit\u00e9 - CareVisionCompany CVC","og_url":"https:\/\/cvc.care\/fr\/label-de-qualite\/","og_site_name":"CareVisionCompany CVC","article_publisher":"https:\/\/www.facebook.com\/carevisioncompany","article_modified_time":"2026-03-09T11:12:00+00:00","twitter_card":"summary_large_image","twitter_misc":{"Dur\u00e9e de lecture estim\u00e9e":"45 minutes"},"schema":{"@context":"https:\/\/schema.org","@graph":[{"@type":"WebPage","@id":"https:\/\/cvc.care\/fr\/label-de-qualite\/","url":"https:\/\/cvc.care\/fr\/label-de-qualite\/","name":"Conformit\u00e9 au label de qualit\u00e9 - CareVisionCompany CVC","isPartOf":{"@id":"https:\/\/cvc.care\/fr\/#website"},"datePublished":"2025-11-13T12:50:55+00:00","dateModified":"2026-03-09T11:12:00+00:00","breadcrumb":{"@id":"https:\/\/cvc.care\/fr\/label-de-qualite\/#breadcrumb"},"inLanguage":"fr-FR","potentialAction":[{"@type":"ReadAction","target":["https:\/\/cvc.care\/fr\/label-de-qualite\/"]}]},{"@type":"BreadcrumbList","@id":"https:\/\/cvc.care\/fr\/label-de-qualite\/#breadcrumb","itemListElement":[{"@type":"ListItem","position":1,"name":"Startseite","item":"https:\/\/cvc.care\/fr\/"},{"@type":"ListItem","position":2,"name":"Conformit\u00e9 au label de qualit\u00e9"}]},{"@type":"WebSite","@id":"https:\/\/cvc.care\/fr\/#website","url":"https:\/\/cvc.care\/fr\/","name":"CareVisionCompany","description":"mit menschen, f\u00fcr menschen - erfolgreich integrieren","publisher":{"@id":"https:\/\/cvc.care\/fr\/#organization"},"alternateName":"CVC, CVC.care,","potentialAction":[{"@type":"SearchAction","target":{"@type":"EntryPoint","urlTemplate":"https:\/\/cvc.care\/fr\/?s={search_term_string}"},"query-input":{"@type":"PropertyValueSpecification","valueRequired":true,"valueName":"search_term_string"}}],"inLanguage":"fr-FR"},{"@type":"Organization","@id":"https:\/\/cvc.care\/fr\/#organization","name":"CareVisionCompany","alternateName":"CVC, CVC.care","url":"https:\/\/cvc.care\/fr\/","logo":{"@type":"ImageObject","inLanguage":"fr-FR","@id":"https:\/\/cvc.care\/fr\/#\/schema\/logo\/image\/","url":"https:\/\/cvc.care\/wp-content\/uploads\/2025\/09\/Design-ohne-Titel-6.png","contentUrl":"https:\/\/cvc.care\/wp-content\/uploads\/2025\/09\/Design-ohne-Titel-6.png","width":880,"height":881,"caption":"CareVisionCompany"},"image":{"@id":"https:\/\/cvc.care\/fr\/#\/schema\/logo\/image\/"},"sameAs":["https:\/\/www.facebook.com\/carevisioncompany"]}]}},"_links":{"self":[{"href":"https:\/\/cvc.care\/fr\/wp-json\/wp\/v2\/pages\/21977","targetHints":{"allow":["GET"]}}],"collection":[{"href":"https:\/\/cvc.care\/fr\/wp-json\/wp\/v2\/pages"}],"about":[{"href":"https:\/\/cvc.care\/fr\/wp-json\/wp\/v2\/types\/page"}],"author":[{"embeddable":true,"href":"https:\/\/cvc.care\/fr\/wp-json\/wp\/v2\/users\/2"}],"replies":[{"embeddable":true,"href":"https:\/\/cvc.care\/fr\/wp-json\/wp\/v2\/comments?post=21977"}],"version-history":[{"count":10,"href":"https:\/\/cvc.care\/fr\/wp-json\/wp\/v2\/pages\/21977\/revisions"}],"predecessor-version":[{"id":25961,"href":"https:\/\/cvc.care\/fr\/wp-json\/wp\/v2\/pages\/21977\/revisions\/25961"}],"wp:attachment":[{"href":"https:\/\/cvc.care\/fr\/wp-json\/wp\/v2\/media?parent=21977"}],"curies":[{"name":"wp","href":"https:\/\/api.w.org\/{rel}","templated":true}]}}